{"id":78,"date":"2019-02-27T16:40:52","date_gmt":"2019-02-27T16:40:52","guid":{"rendered":"http:\/\/timeline-kreuznach.de\/?page_id=78"},"modified":"2019-03-12T14:51:50","modified_gmt":"2019-03-12T14:51:50","slug":"uploader","status":"publish","type":"page","link":"http:\/\/timeline-kreuznach.de\/en\/uploader","title":{"rendered":"Uploader"},"content":{"rendered":"<p>Nicht erlaubt sind Bilder bzw. Inhalte mit gewaltverherrlichendem, diskriminierendem, urheberrechtlich gesch\u00fctztem, werbendem, jugendgef\u00e4hrdendem oder gegen sonstige Rechte versto\u00dfendem Inhalt.<\/p>\n<p>Der Upload versichert, dass die hochgeladenen Bilder nicht gegen die Rechte Dritter versto\u00dfen.<\/p>\n<h2><strong>Alte Bilder der Stadt:<\/strong><\/h2>\n<p>Wir wollen Pionierarbeit leisten und alle historischen Bilder f\u00fcr die Nachwelt erhalten.<\/p>\n<p>Scannen und senden sie uns Bilder aus ihrem Familienalbum damit wir diese auf unseren Seiten abspeichern k\u00f6nnen<\/p>\n<p><em>*f\u00fcr eine richtige Darstellung nutzen sie bitte den Google Chrome Browser<\/em><\/p>\n<p>[caldera_form id=&#8220;CF5c76bc6b15b85&#8243;]<\/p>\n","protected":false},"excerpt":{"rendered":"<p>Nicht erlaubt sind Bilder bzw. Inhalte mit gewaltverherrlichendem, diskriminierendem, urheberrechtlich gesch\u00fctztem, werbendem, jugendgef\u00e4hrdendem oder gegen sonstige Rechte versto\u00dfendem Inhalt. Der Upload versichert, dass die hochgeladenen Bilder nicht gegen die Rechte Dritter versto\u00dfen. Alte Bilder der Stadt: Wir wollen Pionierarbeit leisten und alle historischen Bilder f\u00fcr die Nachwelt erhalten. Scannen und senden sie uns Bilder aus [&hellip;]<\/p>\n","protected":false},"author":1,"featured_media":0,"parent":0,"menu_order":0,"comment_status":"closed","ping_status":"closed","template":"","meta":{"footnotes":""},"class_list":["post-78","page","type-page","status-publish","hentry"],"_links":{"self":[{"href":"http:\/\/timeline-kreuznach.de\/en\/wp-json\/wp\/v2\/pages\/78","targetHints":{"allow":["GET"]}}],"collection":[{"href":"http:\/\/timeline-kreuznach.de\/en\/wp-json\/wp\/v2\/pages"}],"about":[{"href":"http:\/\/timeline-kreuznach.de\/en\/wp-json\/wp\/v2\/types\/page"}],"author":[{"embeddable":true,"href":"http:\/\/timeline-kreuznach.de\/en\/wp-json\/wp\/v2\/users\/1"}],"replies":[{"embeddable":true,"href":"http:\/\/timeline-kreuznach.de\/en\/wp-json\/wp\/v2\/comments?post=78"}],"version-history":[{"count":7,"href":"http:\/\/timeline-kreuznach.de\/en\/wp-json\/wp\/v2\/pages\/78\/revisions"}],"predecessor-version":[{"id":187,"href":"http:\/\/timeline-kreuznach.de\/en\/wp-json\/wp\/v2\/pages\/78\/revisions\/187"}],"wp:attachment":[{"href":"http:\/\/timeline-kreuznach.de\/en\/wp-json\/wp\/v2\/media?parent=78"}],"curies":[{"name":"wp","href":"https:\/\/api.w.org\/{rel}","templated":true}]}}