{"id":76,"date":"2019-02-27T15:10:34","date_gmt":"2019-02-27T15:10:34","guid":{"rendered":"http:\/\/timeline-kreuznach.de\/?page_id=76"},"modified":"2019-02-27T15:10:34","modified_gmt":"2019-02-27T15:10:34","slug":"nachricht-einsenden","status":"publish","type":"page","link":"http:\/\/timeline-kreuznach.de\/en\/nachricht-einsenden","title":{"rendered":"send message"},"content":{"rendered":"\r\n<p>Hier haben sie die M\u00f6glichkeit eine Pressemitteilung an unsere Redaktion zu senden. Das Einstellen von Inhalten ist kostenlos. Die Redaktion beh\u00e4lt sich vor einzelne Passagen der Meldung zu \u00e4ndern oder diese ganz abzulehnen.<\/p>\r\n\r\n\r\n\r\n<p><strong>Folgendes sollten sie beachten falls ihre Nachricht ver\u00f6ffentlicht werden soll.<\/strong><\/p>\r\n<ul>\r\n<li>Unique Content ( Die News muss einzigartig und nicht auf anderen Plattformen publiziert sein)<\/li>\r\n<li>mindestens 350 Worte (Die mindestanzahl der Worte sollte 300 &#8211; 350 Worte sein)<\/li>\r\n<li>SSL Zertifiziert (Die Domain sollte Daten per SSL Schl\u00fcssel \u00fcbertragen werden)<\/li>\r\n<li>Aktualit\u00e4t Impressumpflicht ( die Homepage sollte oft aktualisiert und Webmaster betreut sein)<\/li>\r\n<\/ul>\r\n<p><strong><span style=\"color: #ff0000;\">Verbotene \/ Unzul\u00e4ssige Seiten :<\/span><\/strong><\/p>\r\n<ul>\r\n<li>Gewaltverherrlichende und Extrem Rechte Seiten<\/li>\r\n<li>Verfassungsfeindliche Seiten<\/li>\r\n<li>Homepage mit falschen Impressum<\/li>\r\n<li>Gl\u00fccksspiele und Clickbaitprojekte<\/li>\r\n<\/ul>\r\n<p>&nbsp;<\/p>[caldera_form id=&#8220;CF5c6f7ac6086d5&#8243;]","protected":false},"excerpt":{"rendered":"<p>Hier haben sie die M\u00f6glichkeit eine Pressemitteilung an unsere Redaktion zu senden. Das Einstellen von Inhalten ist kostenlos. Die Redaktion beh\u00e4lt sich vor einzelne Passagen der Meldung zu \u00e4ndern oder diese ganz abzulehnen. Folgendes sollten sie beachten falls ihre Nachricht ver\u00f6ffentlicht werden soll. Unique Content ( Die News muss einzigartig und nicht auf anderen Plattformen [&hellip;]<\/p>\n","protected":false},"author":1,"featured_media":0,"parent":0,"menu_order":0,"comment_status":"closed","ping_status":"closed","template":"","meta":{"footnotes":""},"class_list":["post-76","page","type-page","status-publish","hentry"],"_links":{"self":[{"href":"http:\/\/timeline-kreuznach.de\/en\/wp-json\/wp\/v2\/pages\/76","targetHints":{"allow":["GET"]}}],"collection":[{"href":"http:\/\/timeline-kreuznach.de\/en\/wp-json\/wp\/v2\/pages"}],"about":[{"href":"http:\/\/timeline-kreuznach.de\/en\/wp-json\/wp\/v2\/types\/page"}],"author":[{"embeddable":true,"href":"http:\/\/timeline-kreuznach.de\/en\/wp-json\/wp\/v2\/users\/1"}],"replies":[{"embeddable":true,"href":"http:\/\/timeline-kreuznach.de\/en\/wp-json\/wp\/v2\/comments?post=76"}],"version-history":[{"count":1,"href":"http:\/\/timeline-kreuznach.de\/en\/wp-json\/wp\/v2\/pages\/76\/revisions"}],"predecessor-version":[{"id":77,"href":"http:\/\/timeline-kreuznach.de\/en\/wp-json\/wp\/v2\/pages\/76\/revisions\/77"}],"wp:attachment":[{"href":"http:\/\/timeline-kreuznach.de\/en\/wp-json\/wp\/v2\/media?parent=76"}],"curies":[{"name":"wp","href":"https:\/\/api.w.org\/{rel}","templated":true}]}}